{"id":11,"date":"2022-04-17T20:15:09","date_gmt":"2022-04-17T17:15:09","guid":{"rendered":"https:\/\/avada.theme-fusion.com_demos\/hotel\/?page_id=11"},"modified":"2022-04-20T13:47:37","modified_gmt":"2022-04-20T10:47:37","slug":"destination","status":"publish","type":"page","link":"https:\/\/mesesuites.com\/en\/destination\/","title":{"rendered":"DESTINATION"},"content":{"rendered":"<div class=\"fusion-fullwidth fullwidth-box fusion-builder-row-1 fusion-flex-container nonhundred-percent-fullwidth non-hundred-percent-height-scrolling\" style=\"background-color: rgba(255,255,255,0);background-position: center center;background-repeat: no-repeat;border-width: 0px 0px 0px 0px;border-color:var(--awb-color3);border-style:solid;\" ><div class=\"fusion-builder-row fusion-row fusion-flex-align-items-flex-start\" style=\"max-width:1216.8px;margin-left: calc(-4% \/ 2 );margin-right: calc(-4% \/ 2 );\"><div class=\"fusion-layout-column fusion_builder_column fusion-builder-column-0 fusion_builder_column_1_1 1_1 fusion-flex-column\"><div class=\"fusion-column-wrapper fusion-flex-justify-content-flex-start fusion-content-layout-column\" style=\"background-position:left top;background-repeat:no-repeat;-webkit-background-size:cover;-moz-background-size:cover;-o-background-size:cover;background-size:cover;padding: 0px 0px 0px 0px;\"><style type=\"text\/css\">.fusion-gallery-1 .fusion-gallery-image {border:0px solid var(--awb-color3);-webkit-border-radius:10px;-moz-border-radius:10px;border-radius:10px;}.awb-imageframe-style.awb-imageframe-style-1 .awb-imageframe-caption-container{margin-top:15px;}<\/style><div class=\"fusion-gallery fusion-gallery-container fusion-grid-3 fusion-columns-total-10 fusion-gallery-layout-grid fusion-gallery-1\" style=\"margin:-5px;\"><div style=\"padding:5px;\" class=\"fusion-grid-column fusion-gallery-column fusion-gallery-column-3 hover-type-none awb-imageframe-style awb-imageframe-style-below awb-imageframe-style-1\"><div class=\"fusion-gallery-image\"><a href=\"https:\/\/mesesuites.com\/en\/wp-content\/uploads\/2022\/04\/afkule.jpg\" rel=\"noreferrer\" data-rel=\"iLightbox[gallery_image_1]\" class=\"fusion-lightbox\" target=\"_self\"><img decoding=\"async\" src=\"https:\/\/mesesuites.com\/en\/wp-content\/uploads\/2022\/04\/afkule.jpg\" data-orig-src=\"https:\/\/mesesuites.com\/en\/wp-content\/uploads\/2022\/04\/afkule.jpg\" width=\"600\" height=\"375\" alt=\"\" title=\"afkule\" aria-label=\"afkule\" class=\"lazyload img-responsive wp-image-18951\" srcset=\"data:image\/svg+xml,%3Csvg%20xmlns%3D%27http%3A%2F%2Fwww.w3.org%2F2000%2Fsvg%27%20width%3D%27600%27%20height%3D%27375%27%20viewBox%3D%270%200%20600%20375%27%3E%3Crect%20width%3D%27600%27%20height%3D%27375%27%20fill-opacity%3D%220%22%2F%3E%3C%2Fsvg%3E\" data-srcset=\"https:\/\/mesesuites.com\/en\/wp-content\/uploads\/2022\/04\/afkule-200x125.jpg 200w, https:\/\/mesesuites.com\/en\/wp-content\/uploads\/2022\/04\/afkule-400x250.jpg 400w, https:\/\/mesesuites.com\/en\/wp-content\/uploads\/2022\/04\/afkule.jpg 600w\" data-sizes=\"auto\" data-orig-sizes=\"(min-width: 2200px) 100vw, (min-width: 1129px) 387px, (min-width: 1037px) 580px, (min-width: 945px) 1037px, \" \/><\/a><\/div><div class=\"awb-imageframe-caption-container\" style=\"text-align:center;\"><div class=\"awb-imageframe-caption\"><h2 class=\"awb-imageframe-caption-title\">Afkule<\/h2><\/div><\/div><\/div><div style=\"padding:5px;\" class=\"fusion-grid-column fusion-gallery-column fusion-gallery-column-3 hover-type-none awb-imageframe-style awb-imageframe-style-below awb-imageframe-style-1\"><div class=\"fusion-gallery-image\"><a href=\"https:\/\/mesesuites.com\/en\/wp-content\/uploads\/2022\/04\/aminthas.jpg\" rel=\"noreferrer\" data-rel=\"iLightbox[gallery_image_1]\" class=\"fusion-lightbox\" target=\"_self\"><img decoding=\"async\" src=\"https:\/\/mesesuites.com\/en\/wp-content\/uploads\/2022\/04\/aminthas.jpg\" data-orig-src=\"https:\/\/mesesuites.com\/en\/wp-content\/uploads\/2022\/04\/aminthas.jpg\" width=\"600\" height=\"375\" alt=\"\" title=\"aminthas\" aria-label=\"aminthas\" class=\"lazyload img-responsive wp-image-18952\" srcset=\"data:image\/svg+xml,%3Csvg%20xmlns%3D%27http%3A%2F%2Fwww.w3.org%2F2000%2Fsvg%27%20width%3D%27600%27%20height%3D%27375%27%20viewBox%3D%270%200%20600%20375%27%3E%3Crect%20width%3D%27600%27%20height%3D%27375%27%20fill-opacity%3D%220%22%2F%3E%3C%2Fsvg%3E\" data-srcset=\"https:\/\/mesesuites.com\/en\/wp-content\/uploads\/2022\/04\/aminthas-200x125.jpg 200w, https:\/\/mesesuites.com\/en\/wp-content\/uploads\/2022\/04\/aminthas-400x250.jpg 400w, https:\/\/mesesuites.com\/en\/wp-content\/uploads\/2022\/04\/aminthas.jpg 600w\" data-sizes=\"auto\" data-orig-sizes=\"(min-width: 2200px) 100vw, (min-width: 1129px) 387px, (min-width: 1037px) 580px, (min-width: 945px) 1037px, \" \/><\/a><\/div><div class=\"awb-imageframe-caption-container\" style=\"text-align:center;\"><div class=\"awb-imageframe-caption\"><h2 class=\"awb-imageframe-caption-title\">Aminthas<\/h2><\/div><\/div><\/div><div style=\"padding:5px;\" class=\"fusion-grid-column fusion-gallery-column fusion-gallery-column-3 hover-type-none awb-imageframe-style awb-imageframe-style-below awb-imageframe-style-1\"><div class=\"fusion-gallery-image\"><a href=\"https:\/\/mesesuites.com\/en\/wp-content\/uploads\/2022\/04\/calis.jpg\" rel=\"noreferrer\" data-rel=\"iLightbox[gallery_image_1]\" class=\"fusion-lightbox\" target=\"_self\"><img decoding=\"async\" src=\"https:\/\/mesesuites.com\/en\/wp-content\/uploads\/2022\/04\/calis.jpg\" data-orig-src=\"https:\/\/mesesuites.com\/en\/wp-content\/uploads\/2022\/04\/calis.jpg\" width=\"600\" height=\"375\" alt=\"\" title=\"calis\" aria-label=\"calis\" class=\"lazyload img-responsive wp-image-18953\" srcset=\"data:image\/svg+xml,%3Csvg%20xmlns%3D%27http%3A%2F%2Fwww.w3.org%2F2000%2Fsvg%27%20width%3D%27600%27%20height%3D%27375%27%20viewBox%3D%270%200%20600%20375%27%3E%3Crect%20width%3D%27600%27%20height%3D%27375%27%20fill-opacity%3D%220%22%2F%3E%3C%2Fsvg%3E\" data-srcset=\"https:\/\/mesesuites.com\/en\/wp-content\/uploads\/2022\/04\/calis-200x125.jpg 200w, https:\/\/mesesuites.com\/en\/wp-content\/uploads\/2022\/04\/calis-400x250.jpg 400w, https:\/\/mesesuites.com\/en\/wp-content\/uploads\/2022\/04\/calis.jpg 600w\" data-sizes=\"auto\" data-orig-sizes=\"(min-width: 2200px) 100vw, (min-width: 1129px) 387px, (min-width: 1037px) 580px, (min-width: 945px) 1037px, \" \/><\/a><\/div><div class=\"awb-imageframe-caption-container\" style=\"text-align:center;\"><div class=\"awb-imageframe-caption\"><h2 class=\"awb-imageframe-caption-title\">\u00c7al\u0131\u015f<\/h2><\/div><\/div><\/div><div class=\"clearfix\"><\/div><div style=\"padding:5px;\" class=\"fusion-grid-column fusion-gallery-column fusion-gallery-column-3 hover-type-none awb-imageframe-style awb-imageframe-style-below awb-imageframe-style-1\"><div class=\"fusion-gallery-image\"><a href=\"https:\/\/mesesuites.com\/en\/wp-content\/uploads\/2022\/04\/gemile.jpg\" rel=\"noreferrer\" data-rel=\"iLightbox[gallery_image_1]\" class=\"fusion-lightbox\" target=\"_self\"><img decoding=\"async\" src=\"https:\/\/mesesuites.com\/en\/wp-content\/uploads\/2022\/04\/gemile.jpg\" data-orig-src=\"https:\/\/mesesuites.com\/en\/wp-content\/uploads\/2022\/04\/gemile.jpg\" width=\"600\" height=\"375\" alt=\"\" title=\"gemile\" aria-label=\"gemile\" class=\"lazyload img-responsive wp-image-18954\" srcset=\"data:image\/svg+xml,%3Csvg%20xmlns%3D%27http%3A%2F%2Fwww.w3.org%2F2000%2Fsvg%27%20width%3D%27600%27%20height%3D%27375%27%20viewBox%3D%270%200%20600%20375%27%3E%3Crect%20width%3D%27600%27%20height%3D%27375%27%20fill-opacity%3D%220%22%2F%3E%3C%2Fsvg%3E\" data-srcset=\"https:\/\/mesesuites.com\/en\/wp-content\/uploads\/2022\/04\/gemile-200x125.jpg 200w, https:\/\/mesesuites.com\/en\/wp-content\/uploads\/2022\/04\/gemile-400x250.jpg 400w, https:\/\/mesesuites.com\/en\/wp-content\/uploads\/2022\/04\/gemile.jpg 600w\" data-sizes=\"auto\" data-orig-sizes=\"(min-width: 2200px) 100vw, (min-width: 1129px) 387px, (min-width: 1037px) 580px, (min-width: 945px) 1037px, \" \/><\/a><\/div><div class=\"awb-imageframe-caption-container\" style=\"text-align:center;\"><div class=\"awb-imageframe-caption\"><h2 class=\"awb-imageframe-caption-title\">Gemile<\/h2><\/div><\/div><\/div><div style=\"padding:5px;\" class=\"fusion-grid-column fusion-gallery-column fusion-gallery-column-3 hover-type-none awb-imageframe-style awb-imageframe-style-below awb-imageframe-style-1\"><div class=\"fusion-gallery-image\"><a href=\"https:\/\/mesesuites.com\/en\/wp-content\/uploads\/2022\/04\/kayakoy.jpg\" rel=\"noreferrer\" data-rel=\"iLightbox[gallery_image_1]\" class=\"fusion-lightbox\" target=\"_self\"><img decoding=\"async\" src=\"https:\/\/mesesuites.com\/en\/wp-content\/uploads\/2022\/04\/kayakoy.jpg\" data-orig-src=\"https:\/\/mesesuites.com\/en\/wp-content\/uploads\/2022\/04\/kayakoy.jpg\" width=\"600\" height=\"375\" alt=\"\" title=\"kayakoy\" aria-label=\"kayakoy\" class=\"lazyload img-responsive wp-image-18955\" srcset=\"data:image\/svg+xml,%3Csvg%20xmlns%3D%27http%3A%2F%2Fwww.w3.org%2F2000%2Fsvg%27%20width%3D%27600%27%20height%3D%27375%27%20viewBox%3D%270%200%20600%20375%27%3E%3Crect%20width%3D%27600%27%20height%3D%27375%27%20fill-opacity%3D%220%22%2F%3E%3C%2Fsvg%3E\" data-srcset=\"https:\/\/mesesuites.com\/en\/wp-content\/uploads\/2022\/04\/kayakoy-200x125.jpg 200w, https:\/\/mesesuites.com\/en\/wp-content\/uploads\/2022\/04\/kayakoy-400x250.jpg 400w, https:\/\/mesesuites.com\/en\/wp-content\/uploads\/2022\/04\/kayakoy.jpg 600w\" data-sizes=\"auto\" data-orig-sizes=\"(min-width: 2200px) 100vw, (min-width: 1129px) 387px, (min-width: 1037px) 580px, (min-width: 945px) 1037px, \" \/><\/a><\/div><div class=\"awb-imageframe-caption-container\" style=\"text-align:center;\"><div class=\"awb-imageframe-caption\"><h2 class=\"awb-imageframe-caption-title\">Kayak\u00f6y<\/h2><\/div><\/div><\/div><div style=\"padding:5px;\" class=\"fusion-grid-column fusion-gallery-column fusion-gallery-column-3 hover-type-none awb-imageframe-style awb-imageframe-style-below awb-imageframe-style-1\"><div class=\"fusion-gallery-image\"><a href=\"https:\/\/mesesuites.com\/en\/wp-content\/uploads\/2022\/04\/kelebekler.jpg\" rel=\"noreferrer\" data-rel=\"iLightbox[gallery_image_1]\" class=\"fusion-lightbox\" target=\"_self\"><img decoding=\"async\" src=\"https:\/\/mesesuites.com\/en\/wp-content\/uploads\/2022\/04\/kelebekler.jpg\" data-orig-src=\"https:\/\/mesesuites.com\/en\/wp-content\/uploads\/2022\/04\/kelebekler.jpg\" width=\"600\" height=\"375\" alt=\"\" title=\"kelebekler\" aria-label=\"kelebekler\" class=\"lazyload img-responsive wp-image-18956\" srcset=\"data:image\/svg+xml,%3Csvg%20xmlns%3D%27http%3A%2F%2Fwww.w3.org%2F2000%2Fsvg%27%20width%3D%27600%27%20height%3D%27375%27%20viewBox%3D%270%200%20600%20375%27%3E%3Crect%20width%3D%27600%27%20height%3D%27375%27%20fill-opacity%3D%220%22%2F%3E%3C%2Fsvg%3E\" data-srcset=\"https:\/\/mesesuites.com\/en\/wp-content\/uploads\/2022\/04\/kelebekler-200x125.jpg 200w, https:\/\/mesesuites.com\/en\/wp-content\/uploads\/2022\/04\/kelebekler-400x250.jpg 400w, https:\/\/mesesuites.com\/en\/wp-content\/uploads\/2022\/04\/kelebekler.jpg 600w\" data-sizes=\"auto\" data-orig-sizes=\"(min-width: 2200px) 100vw, (min-width: 1129px) 387px, (min-width: 1037px) 580px, (min-width: 945px) 1037px, \" \/><\/a><\/div><div class=\"awb-imageframe-caption-container\" style=\"text-align:center;\"><div class=\"awb-imageframe-caption\"><h2 class=\"awb-imageframe-caption-title\">Kelebekler<\/h2><\/div><\/div><\/div><div class=\"clearfix\"><\/div><div style=\"padding:5px;\" class=\"fusion-grid-column fusion-gallery-column fusion-gallery-column-3 hover-type-none awb-imageframe-style awb-imageframe-style-below awb-imageframe-style-1\"><div class=\"fusion-gallery-image\"><a href=\"https:\/\/mesesuites.com\/en\/wp-content\/uploads\/2022\/04\/merkez.jpg\" rel=\"noreferrer\" data-rel=\"iLightbox[gallery_image_1]\" class=\"fusion-lightbox\" target=\"_self\"><img decoding=\"async\" src=\"https:\/\/mesesuites.com\/en\/wp-content\/uploads\/2022\/04\/merkez.jpg\" data-orig-src=\"https:\/\/mesesuites.com\/en\/wp-content\/uploads\/2022\/04\/merkez.jpg\" width=\"600\" height=\"375\" alt=\"\" title=\"merkez\" aria-label=\"merkez\" class=\"lazyload img-responsive wp-image-18957\" srcset=\"data:image\/svg+xml,%3Csvg%20xmlns%3D%27http%3A%2F%2Fwww.w3.org%2F2000%2Fsvg%27%20width%3D%27600%27%20height%3D%27375%27%20viewBox%3D%270%200%20600%20375%27%3E%3Crect%20width%3D%27600%27%20height%3D%27375%27%20fill-opacity%3D%220%22%2F%3E%3C%2Fsvg%3E\" data-srcset=\"https:\/\/mesesuites.com\/en\/wp-content\/uploads\/2022\/04\/merkez-200x125.jpg 200w, https:\/\/mesesuites.com\/en\/wp-content\/uploads\/2022\/04\/merkez-400x250.jpg 400w, https:\/\/mesesuites.com\/en\/wp-content\/uploads\/2022\/04\/merkez.jpg 600w\" data-sizes=\"auto\" data-orig-sizes=\"(min-width: 2200px) 100vw, (min-width: 1129px) 387px, (min-width: 1037px) 580px, (min-width: 945px) 1037px, \" \/><\/a><\/div><div class=\"awb-imageframe-caption-container\" style=\"text-align:center;\"><div class=\"awb-imageframe-caption\"><h2 class=\"awb-imageframe-caption-title\">\u015eehir Merkezi<\/h2><\/div><\/div><\/div><div style=\"padding:5px;\" class=\"fusion-grid-column fusion-gallery-column fusion-gallery-column-3 hover-type-none awb-imageframe-style awb-imageframe-style-below awb-imageframe-style-1\"><div class=\"fusion-gallery-image\"><a href=\"https:\/\/mesesuites.com\/en\/wp-content\/uploads\/2022\/04\/oludeniz-1.jpg\" rel=\"noreferrer\" data-rel=\"iLightbox[gallery_image_1]\" class=\"fusion-lightbox\" target=\"_self\"><img decoding=\"async\" src=\"https:\/\/mesesuites.com\/en\/wp-content\/uploads\/2022\/04\/oludeniz-1.jpg\" data-orig-src=\"https:\/\/mesesuites.com\/en\/wp-content\/uploads\/2022\/04\/oludeniz-1.jpg\" width=\"600\" height=\"375\" alt=\"\" title=\"oludeniz\" aria-label=\"oludeniz\" class=\"lazyload img-responsive wp-image-18958\" srcset=\"data:image\/svg+xml,%3Csvg%20xmlns%3D%27http%3A%2F%2Fwww.w3.org%2F2000%2Fsvg%27%20width%3D%27600%27%20height%3D%27375%27%20viewBox%3D%270%200%20600%20375%27%3E%3Crect%20width%3D%27600%27%20height%3D%27375%27%20fill-opacity%3D%220%22%2F%3E%3C%2Fsvg%3E\" data-srcset=\"https:\/\/mesesuites.com\/en\/wp-content\/uploads\/2022\/04\/oludeniz-1-200x125.jpg 200w, https:\/\/mesesuites.com\/en\/wp-content\/uploads\/2022\/04\/oludeniz-1-400x250.jpg 400w, https:\/\/mesesuites.com\/en\/wp-content\/uploads\/2022\/04\/oludeniz-1.jpg 600w\" data-sizes=\"auto\" data-orig-sizes=\"(min-width: 2200px) 100vw, (min-width: 1129px) 387px, (min-width: 1037px) 580px, (min-width: 945px) 1037px, \" \/><\/a><\/div><div class=\"awb-imageframe-caption-container\" style=\"text-align:center;\"><div class=\"awb-imageframe-caption\"><h2 class=\"awb-imageframe-caption-title\">\u00d6l\u00fcdeniz<\/h2><\/div><\/div><\/div><div style=\"padding:5px;\" class=\"fusion-grid-column fusion-gallery-column fusion-gallery-column-3 hover-type-none awb-imageframe-style awb-imageframe-style-below awb-imageframe-style-1\"><div class=\"fusion-gallery-image\"><a href=\"https:\/\/mesesuites.com\/en\/wp-content\/uploads\/2022\/04\/paspatur.jpg\" rel=\"noreferrer\" data-rel=\"iLightbox[gallery_image_1]\" class=\"fusion-lightbox\" target=\"_self\"><img decoding=\"async\" src=\"https:\/\/mesesuites.com\/en\/wp-content\/uploads\/2022\/04\/paspatur.jpg\" data-orig-src=\"https:\/\/mesesuites.com\/en\/wp-content\/uploads\/2022\/04\/paspatur.jpg\" width=\"600\" height=\"375\" alt=\"\" title=\"paspatur\" aria-label=\"paspatur\" class=\"lazyload img-responsive wp-image-18959\" srcset=\"data:image\/svg+xml,%3Csvg%20xmlns%3D%27http%3A%2F%2Fwww.w3.org%2F2000%2Fsvg%27%20width%3D%27600%27%20height%3D%27375%27%20viewBox%3D%270%200%20600%20375%27%3E%3Crect%20width%3D%27600%27%20height%3D%27375%27%20fill-opacity%3D%220%22%2F%3E%3C%2Fsvg%3E\" data-srcset=\"https:\/\/mesesuites.com\/en\/wp-content\/uploads\/2022\/04\/paspatur-200x125.jpg 200w, https:\/\/mesesuites.com\/en\/wp-content\/uploads\/2022\/04\/paspatur-400x250.jpg 400w, https:\/\/mesesuites.com\/en\/wp-content\/uploads\/2022\/04\/paspatur.jpg 600w\" data-sizes=\"auto\" data-orig-sizes=\"(min-width: 2200px) 100vw, (min-width: 1129px) 387px, (min-width: 1037px) 580px, (min-width: 945px) 1037px, \" \/><\/a><\/div><div class=\"awb-imageframe-caption-container\" style=\"text-align:center;\"><div class=\"awb-imageframe-caption\"><h2 class=\"awb-imageframe-caption-title\">Paspatur<\/h2><\/div><\/div><\/div><div class=\"clearfix\"><\/div><div style=\"padding:5px;\" class=\"fusion-grid-column fusion-gallery-column fusion-gallery-column-3 hover-type-none awb-imageframe-style awb-imageframe-style-below awb-imageframe-style-1\"><div class=\"fusion-gallery-image\"><a href=\"https:\/\/mesesuites.com\/en\/wp-content\/uploads\/2022\/04\/saklikent.jpg\" rel=\"noreferrer\" data-rel=\"iLightbox[gallery_image_1]\" class=\"fusion-lightbox\" target=\"_self\"><img decoding=\"async\" src=\"https:\/\/mesesuites.com\/en\/wp-content\/uploads\/2022\/04\/saklikent.jpg\" data-orig-src=\"https:\/\/mesesuites.com\/en\/wp-content\/uploads\/2022\/04\/saklikent.jpg\" width=\"600\" height=\"375\" alt=\"\" title=\"saklikent\" aria-label=\"saklikent\" class=\"lazyload img-responsive wp-image-18960\" srcset=\"data:image\/svg+xml,%3Csvg%20xmlns%3D%27http%3A%2F%2Fwww.w3.org%2F2000%2Fsvg%27%20width%3D%27600%27%20height%3D%27375%27%20viewBox%3D%270%200%20600%20375%27%3E%3Crect%20width%3D%27600%27%20height%3D%27375%27%20fill-opacity%3D%220%22%2F%3E%3C%2Fsvg%3E\" data-srcset=\"https:\/\/mesesuites.com\/en\/wp-content\/uploads\/2022\/04\/saklikent-200x125.jpg 200w, https:\/\/mesesuites.com\/en\/wp-content\/uploads\/2022\/04\/saklikent-400x250.jpg 400w, https:\/\/mesesuites.com\/en\/wp-content\/uploads\/2022\/04\/saklikent.jpg 600w\" data-sizes=\"auto\" data-orig-sizes=\"(min-width: 2200px) 100vw, (min-width: 1129px) 387px, (min-width: 1037px) 580px, (min-width: 945px) 1037px, \" \/><\/a><\/div><div class=\"awb-imageframe-caption-container\" style=\"text-align:center;\"><div class=\"awb-imageframe-caption\"><h2 class=\"awb-imageframe-caption-title\">Sakl\u0131kent<\/h2><\/div><\/div><\/div><\/div><\/div><style type=\"text\/css\">.fusion-body .fusion-builder-column-0{width:100% !important;margin-top : 0px;margin-bottom : 20px;}.fusion-builder-column-0 > .fusion-column-wrapper {padding-top : 0px !important;padding-right : 0px !important;margin-right : 1.92%;padding-bottom : 0px !important;padding-left : 0px !important;margin-left : 1.92%;}@media only screen and (max-width:1024px) {.fusion-body .fusion-builder-column-0{width:100% !important;order : 0;}.fusion-builder-column-0 > .fusion-column-wrapper {margin-right : 1.92%;margin-left : 1.92%;}}@media only screen and (max-width:640px) {.fusion-body .fusion-builder-column-0{width:100% !important;order : 0;}.fusion-builder-column-0 > .fusion-column-wrapper {margin-right : 1.92%;margin-left : 1.92%;}}<\/style><\/div><\/div><style type=\"text\/css\">.fusion-body .fusion-flex-container.fusion-builder-row-1{ padding-top : 0px;margin-top : 0px;padding-right : 0px;padding-bottom : 0px;margin-bottom : 0px;padding-left : 0px;}<\/style><\/div>\n","protected":false},"excerpt":{"rendered":"","protected":false},"author":1,"featured_media":0,"parent":0,"menu_order":0,"comment_status":"open","ping_status":"closed","template":"100-width.php","meta":{"footnotes":""},"class_list":["post-11","page","type-page","status-publish","hentry"],"_links":{"self":[{"href":"https:\/\/mesesuites.com\/en\/wp-json\/wp\/v2\/pages\/11","targetHints":{"allow":["GET"]}}],"collection":[{"href":"https:\/\/mesesuites.com\/en\/wp-json\/wp\/v2\/pages"}],"about":[{"href":"https:\/\/mesesuites.com\/en\/wp-json\/wp\/v2\/types\/page"}],"author":[{"embeddable":true,"href":"https:\/\/mesesuites.com\/en\/wp-json\/wp\/v2\/users\/1"}],"replies":[{"embeddable":true,"href":"https:\/\/mesesuites.com\/en\/wp-json\/wp\/v2\/comments?post=11"}],"version-history":[{"count":6,"href":"https:\/\/mesesuites.com\/en\/wp-json\/wp\/v2\/pages\/11\/revisions"}],"predecessor-version":[{"id":18989,"href":"https:\/\/mesesuites.com\/en\/wp-json\/wp\/v2\/pages\/11\/revisions\/18989"}],"wp:attachment":[{"href":"https:\/\/mesesuites.com\/en\/wp-json\/wp\/v2\/media?parent=11"}],"curies":[{"name":"wp","href":"https:\/\/api.w.org\/{rel}","templated":true}]}}